{"id":182,"date":"2026-03-08T15:57:19","date_gmt":"2026-03-08T15:57:19","guid":{"rendered":"http:\/\/jika-ceramiste.com\/?page_id=182"},"modified":"2026-03-25T17:40:14","modified_gmt":"2026-03-25T17:40:14","slug":"ils-ont-dit","status":"publish","type":"page","link":"https:\/\/jika-ceramiste.com\/index.php\/ils-ont-dit\/","title":{"rendered":"Ils ont dit&#8230;"},"content":{"rendered":"\n<blockquote class=\"wp-block-stackable-blockquote stk-block-blockquote stk-block stk-86c78e4 is-style-default\" data-v=\"2\" data-block-id=\"86c78e4\"><div class=\"has-text-align-left stk-block-blockquote__content stk-container stk-86c78e4-container stk-hover-parent\"><div class=\"stk-block-content stk-inner-blocks\">\n<div class=\"wp-block-stackable-icon stk-block-icon stk-block stk-5b78033\" data-block-id=\"5b78033\"><style>.stk-5b78033 .stk--svg-wrapper .stk--inner-svg svg:last-child, .stk-5b78033 .stk--svg-wrapper .stk--inner-svg svg:last-child :is(g, path, rect, polygon, ellipse){fill:#ff6900 !important;}<\/style><span class=\"stk--svg-wrapper\"><div class=\"stk--inner-svg\"><svg style=\"height:0;width:0\"><defs><linearGradient id=\"linear-gradient-5b78033\" x1=\"0\" x2=\"100%\" y1=\"0\" y2=\"0\"><stop offset=\"0%\" style=\"stop-opacity:1;stop-color:var(--linear-gradient-5-b-78033-color-1)\"><\/stop><stop offset=\"100%\" style=\"stop-opacity:1;stop-color:var(--linear-gradient-5-b-78033-color-2)\"><\/stop><\/linearGradient><\/defs><\/svg><svg xmlns=\"http:\/\/www.w3.org\/2000\/svg\" viewBox=\"0 0 50 50\" aria-hidden=\"true\" width=\"32\" height=\"32\"><path d=\"M9.4 14.6c-2.4 2.9-3.6 5.9-3.6 8.9 0 1.3.2 2.4.5 3.3 1.8-1.4 3.8-2.1 6-2.1 2.9 0 5.3.9 7.3 2.7 2 1.8 3 4.2 3 7.3 0 1.9-.5 3.6-1.4 5.1-.9 1.5-2.2 2.7-3.8 3.6s-3.3 1.3-5.1 1.3c-4.1 0-7.3-1.6-9.5-4.9C.9 36.9 0 33.5 0 29.4c0-5.2 1.4-9.9 4.1-14 2.8-4.1 6.9-7.5 12.5-10l1.5 2.8c-3.3 1.3-6.2 3.5-8.7 6.4zm27.5 0c-2.4 2.9-3.6 5.9-3.6 8.9 0 1.3.2 2.4.5 3.3 1.8-1.4 3.8-2.1 6-2.1 2.9 0 5.4.9 7.4 2.7 2 1.8 3 4.2 3 7.3 0 2.8-1 5.2-3 7.1-2 1.9-4.4 2.9-7.3 2.9-4.1 0-7.3-1.6-9.5-4.9-1.8-2.7-2.8-6.2-2.8-10.3 0-5.2 1.4-9.9 4.1-14 2.8-4.1 6.9-7.5 12.5-10l1.5 2.8c-3.5 1.2-6.4 3.4-8.8 6.3z\"><\/path><\/svg><\/div><\/span><\/div>\n\n\n\n<div class=\"wp-block-stackable-text stk-block-text stk-block stk-8844942\" data-block-id=\"8844942\"><style>.stk-8844942 .stk-block-text__text{font-size:15px !important;color:#0d609c !important;font-family:Inter, Roboto, 'Helvetica Neue', 'Arial Nova', 'Nimbus Sans', Arial, sans-serif !important;}@media screen and (max-width: 1023px){.stk-8844942 .stk-block-text__text{font-size:15px !important;}}<\/style><p class=\"stk-block-text__text has-text-color\"><strong>Amandine H.<br><\/strong><em>Je suis ravie d&rsquo;avoir d\u00e9couvert ce savoir-faire de la terre. Tr\u00e8s belle exp\u00e9rience. Jika nous prouve que les seules limites de notre cr\u00e9ativit\u00e9 sont celles que nous avons dans le cerveau&#8230; <\/em><br><em>Tout est possible avec la terre.&nbsp;<\/em><br><em>Aventure amusante, passionnante avec un \u00ab\u00a0prof\u00a0\u00bb passionn\u00e9. <\/em><br><em>Merci pour cet accompagnement et cette d\u00e9couverte. <\/em><br><em>H\u00e2te de continuer.<\/em><\/p><\/div>\n<\/div><\/div><\/blockquote>\n\n\n\n<blockquote class=\"wp-block-stackable-blockquote stk-block-blockquote stk-block stk-5da398b is-style-default\" data-v=\"2\" data-block-id=\"5da398b\"><div class=\"has-text-align-left stk-block-blockquote__content stk-container stk-5da398b-container stk-hover-parent\"><div class=\"stk-block-content stk-inner-blocks\">\n<div class=\"wp-block-stackable-icon stk-block-icon stk-block stk-3e9eb1b\" data-block-id=\"3e9eb1b\"><style>.stk-3e9eb1b .stk--svg-wrapper .stk--inner-svg svg:last-child, .stk-3e9eb1b .stk--svg-wrapper .stk--inner-svg svg:last-child :is(g, path, rect, polygon, ellipse){fill:#ff6900 !important;}<\/style><span class=\"stk--svg-wrapper\"><div class=\"stk--inner-svg\"><svg style=\"height:0;width:0\"><defs><linearGradient id=\"linear-gradient-3e9eb1b\" x1=\"0\" x2=\"100%\" y1=\"0\" y2=\"0\"><stop offset=\"0%\" style=\"stop-opacity:1;stop-color:var(--linear-gradient-3-e-9-eb-1-b-color-1)\"><\/stop><stop offset=\"100%\" style=\"stop-opacity:1;stop-color:var(--linear-gradient-3-e-9-eb-1-b-color-2)\"><\/stop><\/linearGradient><\/defs><\/svg><svg xmlns=\"http:\/\/www.w3.org\/2000\/svg\" viewBox=\"0 0 50 50\" aria-hidden=\"true\" width=\"32\" height=\"32\"><path d=\"M9.4 14.6c-2.4 2.9-3.6 5.9-3.6 8.9 0 1.3.2 2.4.5 3.3 1.8-1.4 3.8-2.1 6-2.1 2.9 0 5.3.9 7.3 2.7 2 1.8 3 4.2 3 7.3 0 1.9-.5 3.6-1.4 5.1-.9 1.5-2.2 2.7-3.8 3.6s-3.3 1.3-5.1 1.3c-4.1 0-7.3-1.6-9.5-4.9C.9 36.9 0 33.5 0 29.4c0-5.2 1.4-9.9 4.1-14 2.8-4.1 6.9-7.5 12.5-10l1.5 2.8c-3.3 1.3-6.2 3.5-8.7 6.4zm27.5 0c-2.4 2.9-3.6 5.9-3.6 8.9 0 1.3.2 2.4.5 3.3 1.8-1.4 3.8-2.1 6-2.1 2.9 0 5.4.9 7.4 2.7 2 1.8 3 4.2 3 7.3 0 2.8-1 5.2-3 7.1-2 1.9-4.4 2.9-7.3 2.9-4.1 0-7.3-1.6-9.5-4.9-1.8-2.7-2.8-6.2-2.8-10.3 0-5.2 1.4-9.9 4.1-14 2.8-4.1 6.9-7.5 12.5-10l1.5 2.8c-3.5 1.2-6.4 3.4-8.8 6.3z\"><\/path><\/svg><\/div><\/span><\/div>\n\n\n\n<div class=\"wp-block-stackable-text stk-block-text stk-block stk-2617009\" data-block-id=\"2617009\"><style>.stk-2617009 .stk-block-text__text{font-size:15px !important;color:#0d609c !important;font-family:Inter, Roboto, 'Helvetica Neue', 'Arial Nova', 'Nimbus Sans', Arial, sans-serif !important;}@media screen and (max-width: 1023px){.stk-2617009 .stk-block-text__text{font-size:15px !important;}}<\/style><p class=\"stk-block-text__text has-text-color\"><strong>Yevheniia S.<br><\/strong><em>L&rsquo;atelier du contraire n&rsquo;est pas un endroit. <\/em><br><em>C&rsquo;est L&rsquo;endroit. Ici, on d\u00e9couvre l&rsquo;essentiel: la cr\u00e9ation tire de nous le meilleur et le pire, nous purifie et nous confronte \u00e0 la base, la terre. <\/em><br><em>La bonne humeur et l&rsquo;ouverture d&rsquo;esprit accompagnent cette exp\u00e9rience merveilleuse. <\/em><br><em>Merci beaucoup, Jika!<\/em><\/p><\/div>\n<\/div><\/div><\/blockquote>\n\n\n\n<blockquote class=\"wp-block-stackable-blockquote stk-block-blockquote stk-block stk-4cdbe38 is-style-default\" data-v=\"2\" data-block-id=\"4cdbe38\"><div class=\"has-text-align-left stk-block-blockquote__content stk-container stk-4cdbe38-container stk-hover-parent\"><div class=\"stk-block-content stk-inner-blocks\">\n<div class=\"wp-block-stackable-icon stk-block-icon stk-block stk-93b8886\" data-block-id=\"93b8886\"><style>.stk-93b8886 .stk--svg-wrapper .stk--inner-svg svg:last-child, .stk-93b8886 .stk--svg-wrapper .stk--inner-svg svg:last-child :is(g, path, rect, polygon, ellipse){fill:#ff6900 !important;}<\/style><span class=\"stk--svg-wrapper\"><div class=\"stk--inner-svg\"><svg style=\"height:0;width:0\"><defs><linearGradient id=\"linear-gradient-93b8886\" x1=\"0\" x2=\"100%\" y1=\"0\" y2=\"0\"><stop offset=\"0%\" style=\"stop-opacity:1;stop-color:var(--linear-gradient-93-b-8886-color-1)\"><\/stop><stop offset=\"100%\" style=\"stop-opacity:1;stop-color:var(--linear-gradient-93-b-8886-color-2)\"><\/stop><\/linearGradient><\/defs><\/svg><svg xmlns=\"http:\/\/www.w3.org\/2000\/svg\" viewBox=\"0 0 50 50\" aria-hidden=\"true\" width=\"32\" height=\"32\"><path d=\"M9.4 14.6c-2.4 2.9-3.6 5.9-3.6 8.9 0 1.3.2 2.4.5 3.3 1.8-1.4 3.8-2.1 6-2.1 2.9 0 5.3.9 7.3 2.7 2 1.8 3 4.2 3 7.3 0 1.9-.5 3.6-1.4 5.1-.9 1.5-2.2 2.7-3.8 3.6s-3.3 1.3-5.1 1.3c-4.1 0-7.3-1.6-9.5-4.9C.9 36.9 0 33.5 0 29.4c0-5.2 1.4-9.9 4.1-14 2.8-4.1 6.9-7.5 12.5-10l1.5 2.8c-3.3 1.3-6.2 3.5-8.7 6.4zm27.5 0c-2.4 2.9-3.6 5.9-3.6 8.9 0 1.3.2 2.4.5 3.3 1.8-1.4 3.8-2.1 6-2.1 2.9 0 5.4.9 7.4 2.7 2 1.8 3 4.2 3 7.3 0 2.8-1 5.2-3 7.1-2 1.9-4.4 2.9-7.3 2.9-4.1 0-7.3-1.6-9.5-4.9-1.8-2.7-2.8-6.2-2.8-10.3 0-5.2 1.4-9.9 4.1-14 2.8-4.1 6.9-7.5 12.5-10l1.5 2.8c-3.5 1.2-6.4 3.4-8.8 6.3z\"><\/path><\/svg><\/div><\/span><\/div>\n\n\n\n<div class=\"wp-block-stackable-text stk-block-text stk-block stk-fc14468\" data-block-id=\"fc14468\"><style>.stk-fc14468 .stk-block-text__text{font-size:15px !important;color:#0d609c !important;font-family:Inter, Roboto, 'Helvetica Neue', 'Arial Nova', 'Nimbus Sans', Arial, sans-serif !important;}@media screen and (max-width: 1023px){.stk-fc14468 .stk-block-text__text{font-size:15px !important;}}<\/style><p class=\"stk-block-text__text has-text-color\"><strong>Morgane D.<br><\/strong><em>Jika est un artiste passionn\u00e9, qui transmet son savoir-faire en toute simplicit\u00e9 et avec beaucoup de gentillesse.<\/em><br><em>C\u2019est un vrai plaisir de d\u00e9couvrir et d\u2019apprendre la c\u00e9ramique dans son atelier.<\/em><\/p><\/div>\n<\/div><\/div><\/blockquote>\n\n\n\n<blockquote class=\"wp-block-stackable-blockquote stk-block-blockquote stk-block stk-8557c33 is-style-default\" data-v=\"2\" data-block-id=\"8557c33\"><div class=\"has-text-align-left stk-block-blockquote__content stk-container stk-8557c33-container stk-hover-parent\"><div class=\"stk-block-content stk-inner-blocks\">\n<div class=\"wp-block-stackable-icon stk-block-icon stk-block stk-0500645\" data-block-id=\"0500645\"><style>.stk-0500645 .stk--svg-wrapper .stk--inner-svg svg:last-child, .stk-0500645 .stk--svg-wrapper .stk--inner-svg svg:last-child :is(g, path, rect, polygon, ellipse){fill:#ff6900 !important;}<\/style><span class=\"stk--svg-wrapper\"><div class=\"stk--inner-svg\"><svg style=\"height:0;width:0\"><defs><linearGradient id=\"linear-gradient-0500645\" x1=\"0\" x2=\"100%\" y1=\"0\" y2=\"0\"><stop offset=\"0%\" style=\"stop-opacity:1;stop-color:var(--linear-gradient-0500645-color-1)\"><\/stop><stop offset=\"100%\" style=\"stop-opacity:1;stop-color:var(--linear-gradient-0500645-color-2)\"><\/stop><\/linearGradient><\/defs><\/svg><svg xmlns=\"http:\/\/www.w3.org\/2000\/svg\" viewBox=\"0 0 50 50\" aria-hidden=\"true\" width=\"32\" height=\"32\"><path d=\"M9.4 14.6c-2.4 2.9-3.6 5.9-3.6 8.9 0 1.3.2 2.4.5 3.3 1.8-1.4 3.8-2.1 6-2.1 2.9 0 5.3.9 7.3 2.7 2 1.8 3 4.2 3 7.3 0 1.9-.5 3.6-1.4 5.1-.9 1.5-2.2 2.7-3.8 3.6s-3.3 1.3-5.1 1.3c-4.1 0-7.3-1.6-9.5-4.9C.9 36.9 0 33.5 0 29.4c0-5.2 1.4-9.9 4.1-14 2.8-4.1 6.9-7.5 12.5-10l1.5 2.8c-3.3 1.3-6.2 3.5-8.7 6.4zm27.5 0c-2.4 2.9-3.6 5.9-3.6 8.9 0 1.3.2 2.4.5 3.3 1.8-1.4 3.8-2.1 6-2.1 2.9 0 5.4.9 7.4 2.7 2 1.8 3 4.2 3 7.3 0 2.8-1 5.2-3 7.1-2 1.9-4.4 2.9-7.3 2.9-4.1 0-7.3-1.6-9.5-4.9-1.8-2.7-2.8-6.2-2.8-10.3 0-5.2 1.4-9.9 4.1-14 2.8-4.1 6.9-7.5 12.5-10l1.5 2.8c-3.5 1.2-6.4 3.4-8.8 6.3z\"><\/path><\/svg><\/div><\/span><\/div>\n\n\n\n<div class=\"wp-block-stackable-text stk-block-text stk-block stk-c072e26\" data-block-id=\"c072e26\"><style>.stk-c072e26 .stk-block-text__text{font-size:15px !important;color:#0d609c !important;font-family:Inter, Roboto, 'Helvetica Neue', 'Arial Nova', 'Nimbus Sans', Arial, sans-serif !important;}@media screen and (max-width: 1023px){.stk-c072e26 .stk-block-text__text{font-size:15px !important;}}<\/style><p class=\"stk-block-text__text has-text-color\"><strong>Marie Jeanne S.<br><\/strong><em>Jika est un artiste patient , passionn\u00e9 et p\u00e9dagogue !Je vous encourage \u00e0 d\u00e9couvrir l&rsquo;atelier du contraire&#8230;<\/em><\/p><\/div>\n<\/div><\/div><\/blockquote>\n\n\n\n<blockquote class=\"wp-block-stackable-blockquote stk-block-blockquote stk-block stk-b70178e is-style-default\" data-v=\"2\" data-block-id=\"b70178e\"><div class=\"has-text-align-left stk-block-blockquote__content stk-container stk-b70178e-container stk-hover-parent\"><div class=\"stk-block-content stk-inner-blocks\">\n<div class=\"wp-block-stackable-icon stk-block-icon stk-block stk-7cf77fc\" data-block-id=\"7cf77fc\"><style>.stk-7cf77fc .stk--svg-wrapper .stk--inner-svg svg:last-child, .stk-7cf77fc .stk--svg-wrapper .stk--inner-svg svg:last-child :is(g, path, rect, polygon, ellipse){fill:#ff6900 !important;}<\/style><span class=\"stk--svg-wrapper\"><div class=\"stk--inner-svg\"><svg style=\"height:0;width:0\"><defs><linearGradient id=\"linear-gradient-7cf77fc\" x1=\"0\" x2=\"100%\" y1=\"0\" y2=\"0\"><stop offset=\"0%\" style=\"stop-opacity:1;stop-color:var(--linear-gradient-7-cf-77-fc-color-1)\"><\/stop><stop offset=\"100%\" style=\"stop-opacity:1;stop-color:var(--linear-gradient-7-cf-77-fc-color-2)\"><\/stop><\/linearGradient><\/defs><\/svg><svg xmlns=\"http:\/\/www.w3.org\/2000\/svg\" viewBox=\"0 0 50 50\" aria-hidden=\"true\" width=\"32\" height=\"32\"><path d=\"M9.4 14.6c-2.4 2.9-3.6 5.9-3.6 8.9 0 1.3.2 2.4.5 3.3 1.8-1.4 3.8-2.1 6-2.1 2.9 0 5.3.9 7.3 2.7 2 1.8 3 4.2 3 7.3 0 1.9-.5 3.6-1.4 5.1-.9 1.5-2.2 2.7-3.8 3.6s-3.3 1.3-5.1 1.3c-4.1 0-7.3-1.6-9.5-4.9C.9 36.9 0 33.5 0 29.4c0-5.2 1.4-9.9 4.1-14 2.8-4.1 6.9-7.5 12.5-10l1.5 2.8c-3.3 1.3-6.2 3.5-8.7 6.4zm27.5 0c-2.4 2.9-3.6 5.9-3.6 8.9 0 1.3.2 2.4.5 3.3 1.8-1.4 3.8-2.1 6-2.1 2.9 0 5.4.9 7.4 2.7 2 1.8 3 4.2 3 7.3 0 2.8-1 5.2-3 7.1-2 1.9-4.4 2.9-7.3 2.9-4.1 0-7.3-1.6-9.5-4.9-1.8-2.7-2.8-6.2-2.8-10.3 0-5.2 1.4-9.9 4.1-14 2.8-4.1 6.9-7.5 12.5-10l1.5 2.8c-3.5 1.2-6.4 3.4-8.8 6.3z\"><\/path><\/svg><\/div><\/span><\/div>\n\n\n\n<div class=\"wp-block-stackable-text stk-block-text stk-block stk-d8b682c\" data-block-id=\"d8b682c\"><style>.stk-d8b682c .stk-block-text__text{font-size:15px !important;color:#0d609c !important;font-family:Inter, Roboto, 'Helvetica Neue', 'Arial Nova', 'Nimbus Sans', Arial, sans-serif !important;}@media screen and (max-width: 1023px){.stk-d8b682c .stk-block-text__text{font-size:15px !important;}}<\/style><p class=\"stk-block-text__text has-text-color\"><strong>Maylis G.<br><\/strong><em>Merci \u00e0 Jika, si charismatique dans son atelier atypique rempli de ses \u0153uvres.<\/em><br><em>Il nous fait d\u00e9couvrir son art et la passion pour la terre, nous transmet les bases du modelage jusqu&rsquo;\u00e0 l&rsquo;\u00e9maillage avec patience, p\u00e9dagogie et gentillesse.<\/em><\/p><\/div>\n<\/div><\/div><\/blockquote>\n\n\n\n<blockquote class=\"wp-block-stackable-blockquote stk-block-blockquote stk-block stk-5abe0b5 is-style-default\" data-v=\"2\" data-block-id=\"5abe0b5\"><div class=\"has-text-align-left stk-block-blockquote__content stk-container stk-5abe0b5-container stk-hover-parent\"><div class=\"stk-block-content stk-inner-blocks\">\n<div class=\"wp-block-stackable-icon stk-block-icon stk-block stk-c11da79\" data-block-id=\"c11da79\"><style>.stk-c11da79 .stk--svg-wrapper .stk--inner-svg svg:last-child, .stk-c11da79 .stk--svg-wrapper .stk--inner-svg svg:last-child :is(g, path, rect, polygon, ellipse){fill:#ff6900 !important;}<\/style><span class=\"stk--svg-wrapper\"><div class=\"stk--inner-svg\"><svg style=\"height:0;width:0\"><defs><linearGradient id=\"linear-gradient-c11da79\" x1=\"0\" x2=\"100%\" y1=\"0\" y2=\"0\"><stop offset=\"0%\" style=\"stop-opacity:1;stop-color:var(--linear-gradient-c-11-da-79-color-1)\"><\/stop><stop offset=\"100%\" style=\"stop-opacity:1;stop-color:var(--linear-gradient-c-11-da-79-color-2)\"><\/stop><\/linearGradient><\/defs><\/svg><svg xmlns=\"http:\/\/www.w3.org\/2000\/svg\" viewBox=\"0 0 50 50\" aria-hidden=\"true\" width=\"32\" height=\"32\"><path d=\"M9.4 14.6c-2.4 2.9-3.6 5.9-3.6 8.9 0 1.3.2 2.4.5 3.3 1.8-1.4 3.8-2.1 6-2.1 2.9 0 5.3.9 7.3 2.7 2 1.8 3 4.2 3 7.3 0 1.9-.5 3.6-1.4 5.1-.9 1.5-2.2 2.7-3.8 3.6s-3.3 1.3-5.1 1.3c-4.1 0-7.3-1.6-9.5-4.9C.9 36.9 0 33.5 0 29.4c0-5.2 1.4-9.9 4.1-14 2.8-4.1 6.9-7.5 12.5-10l1.5 2.8c-3.3 1.3-6.2 3.5-8.7 6.4zm27.5 0c-2.4 2.9-3.6 5.9-3.6 8.9 0 1.3.2 2.4.5 3.3 1.8-1.4 3.8-2.1 6-2.1 2.9 0 5.4.9 7.4 2.7 2 1.8 3 4.2 3 7.3 0 2.8-1 5.2-3 7.1-2 1.9-4.4 2.9-7.3 2.9-4.1 0-7.3-1.6-9.5-4.9-1.8-2.7-2.8-6.2-2.8-10.3 0-5.2 1.4-9.9 4.1-14 2.8-4.1 6.9-7.5 12.5-10l1.5 2.8c-3.5 1.2-6.4 3.4-8.8 6.3z\"><\/path><\/svg><\/div><\/span><\/div>\n\n\n\n<div class=\"wp-block-stackable-text stk-block-text stk-block stk-9b12195\" data-block-id=\"9b12195\"><style>.stk-9b12195 .stk-block-text__text{font-size:15px !important;color:#0d609c !important;font-family:Inter, Roboto, 'Helvetica Neue', 'Arial Nova', 'Nimbus Sans', Arial, sans-serif !important;}@media screen and (max-width: 1023px){.stk-9b12195 .stk-block-text__text{font-size:15px !important;}}<\/style><p class=\"stk-block-text__text has-text-color\"><strong> Kristina H&nbsp;<br><\/strong><em>Nous avons pass\u00e9 un moment inoubliable dans l&rsquo;atelier de Jika. Jika lib\u00e8re la cr\u00e9ativit\u00e9, accompagne sans imposer, permet d&rsquo;aller chercher en soi ce qu&rsquo;on ne soup\u00e7onne pas, cr\u00e9ant ainsi l&rsquo;\u00e9merveillement et la surprise de voir na\u00eetre une \u0153uvre qui nous ressemble.&nbsp;<\/em><br><em>Au-del\u00e0 d&rsquo;un atelier cr\u00e9atif, c&rsquo;est \u00e0 une v\u00e9ritable exp\u00e9rience subjective que nous convie Jika. &nbsp;Je recommande chaleureusement.<\/em><\/p><\/div>\n<\/div><\/div><\/blockquote>\n\n\n\n<blockquote class=\"wp-block-stackable-blockquote stk-block-blockquote stk-block stk-6f3af62 is-style-default\" data-v=\"2\" data-block-id=\"6f3af62\"><div class=\"has-text-align-left stk-block-blockquote__content stk-container stk-6f3af62-container stk-hover-parent\"><div class=\"stk-block-content stk-inner-blocks\">\n<div class=\"wp-block-stackable-icon stk-block-icon stk-block stk-a5e9635\" data-block-id=\"a5e9635\"><style>.stk-a5e9635 .stk--svg-wrapper .stk--inner-svg svg:last-child, .stk-a5e9635 .stk--svg-wrapper .stk--inner-svg svg:last-child :is(g, path, rect, polygon, ellipse){fill:#ff6900 !important;}<\/style><span class=\"stk--svg-wrapper\"><div class=\"stk--inner-svg\"><svg style=\"height:0;width:0\"><defs><linearGradient id=\"linear-gradient-a5e9635\" x1=\"0\" x2=\"100%\" y1=\"0\" y2=\"0\"><stop offset=\"0%\" style=\"stop-opacity:1;stop-color:var(--linear-gradient-a-5-e-9635-color-1)\"><\/stop><stop offset=\"100%\" style=\"stop-opacity:1;stop-color:var(--linear-gradient-a-5-e-9635-color-2)\"><\/stop><\/linearGradient><\/defs><\/svg><svg xmlns=\"http:\/\/www.w3.org\/2000\/svg\" viewBox=\"0 0 50 50\" aria-hidden=\"true\" width=\"32\" height=\"32\"><path d=\"M9.4 14.6c-2.4 2.9-3.6 5.9-3.6 8.9 0 1.3.2 2.4.5 3.3 1.8-1.4 3.8-2.1 6-2.1 2.9 0 5.3.9 7.3 2.7 2 1.8 3 4.2 3 7.3 0 1.9-.5 3.6-1.4 5.1-.9 1.5-2.2 2.7-3.8 3.6s-3.3 1.3-5.1 1.3c-4.1 0-7.3-1.6-9.5-4.9C.9 36.9 0 33.5 0 29.4c0-5.2 1.4-9.9 4.1-14 2.8-4.1 6.9-7.5 12.5-10l1.5 2.8c-3.3 1.3-6.2 3.5-8.7 6.4zm27.5 0c-2.4 2.9-3.6 5.9-3.6 8.9 0 1.3.2 2.4.5 3.3 1.8-1.4 3.8-2.1 6-2.1 2.9 0 5.4.9 7.4 2.7 2 1.8 3 4.2 3 7.3 0 2.8-1 5.2-3 7.1-2 1.9-4.4 2.9-7.3 2.9-4.1 0-7.3-1.6-9.5-4.9-1.8-2.7-2.8-6.2-2.8-10.3 0-5.2 1.4-9.9 4.1-14 2.8-4.1 6.9-7.5 12.5-10l1.5 2.8c-3.5 1.2-6.4 3.4-8.8 6.3z\"><\/path><\/svg><\/div><\/span><\/div>\n\n\n\n<div class=\"wp-block-stackable-text stk-block-text stk-block stk-5f70884\" data-block-id=\"5f70884\"><style>.stk-5f70884 .stk-block-text__text{font-size:15px !important;color:#0d609c !important;font-family:Inter, Roboto, 'Helvetica Neue', 'Arial Nova', 'Nimbus Sans', Arial, sans-serif !important;}@media screen and (max-width: 1023px){.stk-5f70884 .stk-block-text__text{font-size:15px !important;}}<\/style><p class=\"stk-block-text__text has-text-color\"><strong>Laurence H.<br><\/strong><em>Je viens de me promener sur ton site. Il est tr\u00e8s bien fait et est \u00e0 ton image.&nbsp; F\u00e9licitations.<\/em><\/p><\/div>\n<\/div><\/div><\/blockquote>\n\n\n\n<blockquote class=\"wp-block-stackable-blockquote stk-block-blockquote stk-block stk-759a3ba is-style-default\" data-v=\"2\" data-block-id=\"759a3ba\"><div class=\"has-text-align-left stk-block-blockquote__content stk-container stk-759a3ba-container stk-hover-parent\"><div class=\"stk-block-content stk-inner-blocks\">\n<div class=\"wp-block-stackable-icon stk-block-icon stk-block stk-71ae67e\" data-block-id=\"71ae67e\"><style>.stk-71ae67e .stk--svg-wrapper .stk--inner-svg svg:last-child, .stk-71ae67e .stk--svg-wrapper .stk--inner-svg svg:last-child :is(g, path, rect, polygon, ellipse){fill:#ff6900 !important;}<\/style><span class=\"stk--svg-wrapper\"><div class=\"stk--inner-svg\"><svg style=\"height:0;width:0\"><defs><linearGradient id=\"linear-gradient-71ae67e\" x1=\"0\" x2=\"100%\" y1=\"0\" y2=\"0\"><stop offset=\"0%\" style=\"stop-opacity:1;stop-color:var(--linear-gradient-71-ae-67-e-color-1)\"><\/stop><stop offset=\"100%\" style=\"stop-opacity:1;stop-color:var(--linear-gradient-71-ae-67-e-color-2)\"><\/stop><\/linearGradient><\/defs><\/svg><svg xmlns=\"http:\/\/www.w3.org\/2000\/svg\" viewBox=\"0 0 50 50\" aria-hidden=\"true\" width=\"32\" height=\"32\"><path d=\"M9.4 14.6c-2.4 2.9-3.6 5.9-3.6 8.9 0 1.3.2 2.4.5 3.3 1.8-1.4 3.8-2.1 6-2.1 2.9 0 5.3.9 7.3 2.7 2 1.8 3 4.2 3 7.3 0 1.9-.5 3.6-1.4 5.1-.9 1.5-2.2 2.7-3.8 3.6s-3.3 1.3-5.1 1.3c-4.1 0-7.3-1.6-9.5-4.9C.9 36.9 0 33.5 0 29.4c0-5.2 1.4-9.9 4.1-14 2.8-4.1 6.9-7.5 12.5-10l1.5 2.8c-3.3 1.3-6.2 3.5-8.7 6.4zm27.5 0c-2.4 2.9-3.6 5.9-3.6 8.9 0 1.3.2 2.4.5 3.3 1.8-1.4 3.8-2.1 6-2.1 2.9 0 5.4.9 7.4 2.7 2 1.8 3 4.2 3 7.3 0 2.8-1 5.2-3 7.1-2 1.9-4.4 2.9-7.3 2.9-4.1 0-7.3-1.6-9.5-4.9-1.8-2.7-2.8-6.2-2.8-10.3 0-5.2 1.4-9.9 4.1-14 2.8-4.1 6.9-7.5 12.5-10l1.5 2.8c-3.5 1.2-6.4 3.4-8.8 6.3z\"><\/path><\/svg><\/div><\/span><\/div>\n\n\n\n<div class=\"wp-block-stackable-text stk-block-text stk-block stk-4f3cec4\" data-block-id=\"4f3cec4\"><style>.stk-4f3cec4 .stk-block-text__text{font-size:15px !important;color:#0d609c !important;font-family:Inter, Roboto, 'Helvetica Neue', 'Arial Nova', 'Nimbus Sans', Arial, sans-serif !important;}@media screen and (max-width: 1023px){.stk-4f3cec4 .stk-block-text__text{font-size:15px !important;}}<\/style><p class=\"stk-block-text__text has-text-color\"><strong>Silvia M.<br><\/strong><em>Je d\u00e9couvre avec ravissement vos diff\u00e9rents travaux&#8230; Absolument magnifique !<\/em><br><em>Vos \u0153uvres sont visibles en Ard\u00e8che ? Au plaisir&#8230;<\/em><\/p><\/div>\n<\/div><\/div><\/blockquote>\n","protected":false},"excerpt":{"rendered":"<div class=\"entry-summary\">\nAmandine H.Je suis ravie d&rsquo;avoir d\u00e9couvert ce savoir-faire de la terre. Tr\u00e8s belle exp\u00e9rience. Jika nous prouve que les seules&hellip;\n<\/div>\n<div class=\"link-more\"><a href=\"https:\/\/jika-ceramiste.com\/index.php\/ils-ont-dit\/\" class=\"more-link\">Continue reading<span class=\"screen-reader-text\"> &ldquo;Ils ont dit&#8230;&rdquo;<\/span>&hellip;<\/a><\/div>\n","protected":false},"author":1,"featured_media":0,"parent":0,"menu_order":0,"comment_status":"open","ping_status":"closed","template":"","meta":{"_monsterinsights_skip_tracking":false,"_monsterinsights_sitenote_active":false,"_monsterinsights_sitenote_note":"","_monsterinsights_sitenote_category":0,"footnotes":""},"class_list":["post-182","page","type-page","status-publish","hentry","entry"],"aioseo_notices":[],"jetpack_likes_enabled":true,"jetpack_sharing_enabled":true,"_links":{"self":[{"href":"https:\/\/jika-ceramiste.com\/index.php\/wp-json\/wp\/v2\/pages\/182","targetHints":{"allow":["GET"]}}],"collection":[{"href":"https:\/\/jika-ceramiste.com\/index.php\/wp-json\/wp\/v2\/pages"}],"about":[{"href":"https:\/\/jika-ceramiste.com\/index.php\/wp-json\/wp\/v2\/types\/page"}],"author":[{"embeddable":true,"href":"https:\/\/jika-ceramiste.com\/index.php\/wp-json\/wp\/v2\/users\/1"}],"replies":[{"embeddable":true,"href":"https:\/\/jika-ceramiste.com\/index.php\/wp-json\/wp\/v2\/comments?post=182"}],"version-history":[{"count":40,"href":"https:\/\/jika-ceramiste.com\/index.php\/wp-json\/wp\/v2\/pages\/182\/revisions"}],"predecessor-version":[{"id":987,"href":"https:\/\/jika-ceramiste.com\/index.php\/wp-json\/wp\/v2\/pages\/182\/revisions\/987"}],"wp:attachment":[{"href":"https:\/\/jika-ceramiste.com\/index.php\/wp-json\/wp\/v2\/media?parent=182"}],"curies":[{"name":"wp","href":"https:\/\/api.w.org\/{rel}","templated":true}]}}