{"id":184,"date":"2026-03-08T18:32:41","date_gmt":"2026-03-08T18:32:41","guid":{"rendered":"http:\/\/jika-ceramiste.com\/?page_id=184"},"modified":"2026-04-02T09:54:08","modified_gmt":"2026-04-02T09:54:08","slug":"mes-creations","status":"publish","type":"page","link":"https:\/\/jika-ceramiste.com\/index.php\/mes-creations\/","title":{"rendered":"Mes cr\u00e9ations"},"content":{"rendered":"\n<blockquote class=\"wp-block-quote is-style-default has-black-color has-text-color has-link-color wp-elements-b62cd8955b9870615ef97704faf7ec86 is-layout-flow wp-block-quote-is-layout-flow\" style=\"font-size:18px\" data-block-type=\"core\">\n<p style=\"font-size:15px\" data-block-type=\"core\">Les \u0153uvres pr\u00e9sent\u00e9es ici ne constituent qu\u2019un petit \u00e9chantillon de mes cr\u00e9ations. Toutes ces pi\u00e8ces sont disponibles \u00e0 la vente.<br>Si vous voulez d\u00e9couvrir l&rsquo;ensemble de mes cr\u00e9ations, n&rsquo;h\u00e9sitez pas \u00e0 me contacter par mail afin de venir visiter l&rsquo;atelier.<\/p>\n<\/blockquote>\n\n\n\n<figure class=\"wp-block-gallery has-nested-images columns-default is-cropped wp-block-gallery-1 is-layout-flex wp-block-gallery-is-layout-flex\" data-block-type=\"core\">\n<figure class=\"wp-block-image size-large is-style-rounded\" data-block-type=\"core\"><img loading=\"lazy\" decoding=\"async\" width=\"1024\" height=\"1024\" data-id=\"497\" src=\"https:\/\/jika-ceramiste.com\/wp-content\/uploads\/2026\/03\/0028-POINTES-a-LA-LIGNE-2016-1024x1024.jpg\" alt=\"\" class=\"wp-image-497\" srcset=\"https:\/\/jika-ceramiste.com\/wp-content\/uploads\/2026\/03\/0028-POINTES-a-LA-LIGNE-2016-1024x1024.jpg 1024w, https:\/\/jika-ceramiste.com\/wp-content\/uploads\/2026\/03\/0028-POINTES-a-LA-LIGNE-2016-300x300.jpg 300w, https:\/\/jika-ceramiste.com\/wp-content\/uploads\/2026\/03\/0028-POINTES-a-LA-LIGNE-2016-150x150.jpg 150w, https:\/\/jika-ceramiste.com\/wp-content\/uploads\/2026\/03\/0028-POINTES-a-LA-LIGNE-2016-768x768.jpg 768w, https:\/\/jika-ceramiste.com\/wp-content\/uploads\/2026\/03\/0028-POINTES-a-LA-LIGNE-2016-1320x1320.jpg 1320w, https:\/\/jika-ceramiste.com\/wp-content\/uploads\/2026\/03\/0028-POINTES-a-LA-LIGNE-2016.jpg 1512w\" sizes=\"auto, (max-width: 1024px) 100vw, 1024px\" \/><figcaption class=\"wp-element-caption\"><strong>Pointes \u00e0 la ligne<br><\/strong>2016<\/figcaption><\/figure>\n\n\n\n<figure class=\"wp-block-image size-large is-style-rounded\" data-block-type=\"core\"><img loading=\"lazy\" decoding=\"async\" width=\"1024\" height=\"1024\" data-id=\"432\" src=\"https:\/\/jika-ceramiste.com\/wp-content\/uploads\/2026\/03\/0060-seconde-peau-2016-1024x1024.jpg\" alt=\"\" class=\"wp-image-432\" srcset=\"https:\/\/jika-ceramiste.com\/wp-content\/uploads\/2026\/03\/0060-seconde-peau-2016-1024x1024.jpg 1024w, https:\/\/jika-ceramiste.com\/wp-content\/uploads\/2026\/03\/0060-seconde-peau-2016-300x300.jpg 300w, https:\/\/jika-ceramiste.com\/wp-content\/uploads\/2026\/03\/0060-seconde-peau-2016-150x150.jpg 150w, https:\/\/jika-ceramiste.com\/wp-content\/uploads\/2026\/03\/0060-seconde-peau-2016-768x768.jpg 768w, https:\/\/jika-ceramiste.com\/wp-content\/uploads\/2026\/03\/0060-seconde-peau-2016-1320x1320.jpg 1320w, https:\/\/jika-ceramiste.com\/wp-content\/uploads\/2026\/03\/0060-seconde-peau-2016.jpg 1512w\" sizes=\"auto, (max-width: 1024px) 100vw, 1024px\" \/><figcaption class=\"wp-element-caption\"><strong>Seconde peau<br><\/strong>2016<\/figcaption><\/figure>\n\n\n\n<figure class=\"wp-block-image size-large is-style-rounded\" data-block-type=\"core\"><img loading=\"lazy\" decoding=\"async\" width=\"1024\" height=\"1024\" data-id=\"494\" src=\"https:\/\/jika-ceramiste.com\/wp-content\/uploads\/2026\/03\/0021-au-nom-de-leros-2017-1-1024x1024.jpg\" alt=\"\" class=\"wp-image-494\" srcset=\"https:\/\/jika-ceramiste.com\/wp-content\/uploads\/2026\/03\/0021-au-nom-de-leros-2017-1-1024x1024.jpg 1024w, https:\/\/jika-ceramiste.com\/wp-content\/uploads\/2026\/03\/0021-au-nom-de-leros-2017-1-300x300.jpg 300w, https:\/\/jika-ceramiste.com\/wp-content\/uploads\/2026\/03\/0021-au-nom-de-leros-2017-1-150x150.jpg 150w, https:\/\/jika-ceramiste.com\/wp-content\/uploads\/2026\/03\/0021-au-nom-de-leros-2017-1-768x768.jpg 768w, https:\/\/jika-ceramiste.com\/wp-content\/uploads\/2026\/03\/0021-au-nom-de-leros-2017-1-1320x1320.jpg 1320w, https:\/\/jika-ceramiste.com\/wp-content\/uploads\/2026\/03\/0021-au-nom-de-leros-2017-1.jpg 1512w\" sizes=\"auto, (max-width: 1024px) 100vw, 1024px\" \/><figcaption class=\"wp-element-caption\"><strong>au nom de l&rsquo;Eros<br><\/strong>2017<\/figcaption><\/figure>\n\n\n\n<figure class=\"wp-block-image size-large is-style-rounded\" data-block-type=\"core\"><img loading=\"lazy\" decoding=\"async\" width=\"1024\" height=\"1024\" data-id=\"485\" src=\"https:\/\/jika-ceramiste.com\/wp-content\/uploads\/2026\/03\/0061-fracas-paisible-2017-1024x1024.jpg\" alt=\"\" class=\"wp-image-485\" srcset=\"https:\/\/jika-ceramiste.com\/wp-content\/uploads\/2026\/03\/0061-fracas-paisible-2017-1024x1024.jpg 1024w, https:\/\/jika-ceramiste.com\/wp-content\/uploads\/2026\/03\/0061-fracas-paisible-2017-300x300.jpg 300w, https:\/\/jika-ceramiste.com\/wp-content\/uploads\/2026\/03\/0061-fracas-paisible-2017-150x150.jpg 150w, https:\/\/jika-ceramiste.com\/wp-content\/uploads\/2026\/03\/0061-fracas-paisible-2017-768x768.jpg 768w, https:\/\/jika-ceramiste.com\/wp-content\/uploads\/2026\/03\/0061-fracas-paisible-2017-1320x1320.jpg 1320w, https:\/\/jika-ceramiste.com\/wp-content\/uploads\/2026\/03\/0061-fracas-paisible-2017.jpg 1512w\" sizes=\"auto, (max-width: 1024px) 100vw, 1024px\" \/><figcaption class=\"wp-element-caption\"><strong>Fracas paisible<br><\/strong>2017<\/figcaption><\/figure>\n\n\n\n<figure class=\"wp-block-image size-large is-style-rounded\" data-block-type=\"core\"><img loading=\"lazy\" decoding=\"async\" width=\"800\" height=\"800\" data-id=\"416\" src=\"https:\/\/jika-ceramiste.com\/wp-content\/uploads\/2026\/03\/0001-minaret-mi-charme-2017-1.jpg\" alt=\"\" class=\"wp-image-416\"\/><figcaption class=\"wp-element-caption\"><strong>minaret, mi charm\u00e9<br><\/strong>2017<\/figcaption><\/figure>\n\n\n\n<figure class=\"wp-block-image size-large is-style-rounded\" data-block-type=\"core\"><img loading=\"lazy\" decoding=\"async\" width=\"1024\" height=\"1024\" data-id=\"478\" src=\"https:\/\/jika-ceramiste.com\/wp-content\/uploads\/2026\/03\/0055-Ni-fleurs-ni-couronnes-2018-1024x1024.jpg\" alt=\"\" class=\"wp-image-478\" srcset=\"https:\/\/jika-ceramiste.com\/wp-content\/uploads\/2026\/03\/0055-Ni-fleurs-ni-couronnes-2018-1024x1024.jpg 1024w, https:\/\/jika-ceramiste.com\/wp-content\/uploads\/2026\/03\/0055-Ni-fleurs-ni-couronnes-2018-300x300.jpg 300w, https:\/\/jika-ceramiste.com\/wp-content\/uploads\/2026\/03\/0055-Ni-fleurs-ni-couronnes-2018-150x150.jpg 150w, https:\/\/jika-ceramiste.com\/wp-content\/uploads\/2026\/03\/0055-Ni-fleurs-ni-couronnes-2018-768x768.jpg 768w, https:\/\/jika-ceramiste.com\/wp-content\/uploads\/2026\/03\/0055-Ni-fleurs-ni-couronnes-2018-1320x1320.jpg 1320w, https:\/\/jika-ceramiste.com\/wp-content\/uploads\/2026\/03\/0055-Ni-fleurs-ni-couronnes-2018.jpg 1512w\" sizes=\"auto, (max-width: 1024px) 100vw, 1024px\" \/><figcaption class=\"wp-element-caption\"><strong>Ni fleurs, ni couronnes<br><\/strong>2017<\/figcaption><\/figure>\n\n\n\n<figure class=\"wp-block-image size-large is-style-rounded\" data-block-type=\"core\"><img loading=\"lazy\" decoding=\"async\" width=\"1024\" height=\"1024\" data-id=\"464\" src=\"https:\/\/jika-ceramiste.com\/wp-content\/uploads\/2026\/03\/0040-de-sable-et-de-terre-2018-1-1024x1024.jpg\" alt=\"\" class=\"wp-image-464\" srcset=\"https:\/\/jika-ceramiste.com\/wp-content\/uploads\/2026\/03\/0040-de-sable-et-de-terre-2018-1-1024x1024.jpg 1024w, https:\/\/jika-ceramiste.com\/wp-content\/uploads\/2026\/03\/0040-de-sable-et-de-terre-2018-1-300x300.jpg 300w, https:\/\/jika-ceramiste.com\/wp-content\/uploads\/2026\/03\/0040-de-sable-et-de-terre-2018-1-150x150.jpg 150w, https:\/\/jika-ceramiste.com\/wp-content\/uploads\/2026\/03\/0040-de-sable-et-de-terre-2018-1-768x768.jpg 768w, https:\/\/jika-ceramiste.com\/wp-content\/uploads\/2026\/03\/0040-de-sable-et-de-terre-2018-1-1320x1320.jpg 1320w, https:\/\/jika-ceramiste.com\/wp-content\/uploads\/2026\/03\/0040-de-sable-et-de-terre-2018-1.jpg 1512w\" sizes=\"auto, (max-width: 1024px) 100vw, 1024px\" \/><figcaption class=\"wp-element-caption\"><strong>De sable et de terre<br><\/strong>2018<\/figcaption><\/figure>\n\n\n\n<figure class=\"wp-block-image size-large is-style-rounded\" data-block-type=\"core\"><img loading=\"lazy\" decoding=\"async\" width=\"1024\" height=\"1024\" data-id=\"428\" src=\"https:\/\/jika-ceramiste.com\/wp-content\/uploads\/2026\/03\/0025-ode-au-portrait-2019-1024x1024.jpg\" alt=\"\" class=\"wp-image-428\" srcset=\"https:\/\/jika-ceramiste.com\/wp-content\/uploads\/2026\/03\/0025-ode-au-portrait-2019-1024x1024.jpg 1024w, https:\/\/jika-ceramiste.com\/wp-content\/uploads\/2026\/03\/0025-ode-au-portrait-2019-300x300.jpg 300w, https:\/\/jika-ceramiste.com\/wp-content\/uploads\/2026\/03\/0025-ode-au-portrait-2019-150x150.jpg 150w, https:\/\/jika-ceramiste.com\/wp-content\/uploads\/2026\/03\/0025-ode-au-portrait-2019-768x768.jpg 768w, https:\/\/jika-ceramiste.com\/wp-content\/uploads\/2026\/03\/0025-ode-au-portrait-2019-1320x1320.jpg 1320w, https:\/\/jika-ceramiste.com\/wp-content\/uploads\/2026\/03\/0025-ode-au-portrait-2019.jpg 1512w\" sizes=\"auto, (max-width: 1024px) 100vw, 1024px\" \/><figcaption class=\"wp-element-caption\"><strong>ode au portrait<br><\/strong>2019<\/figcaption><\/figure>\n\n\n\n<figure class=\"wp-block-image size-large is-style-rounded\" data-block-type=\"core\"><img loading=\"lazy\" decoding=\"async\" width=\"1024\" height=\"1024\" data-id=\"504\" src=\"https:\/\/jika-ceramiste.com\/wp-content\/uploads\/2026\/03\/0035-gueule-dangle-2021-1-1024x1024.jpg\" alt=\"\" class=\"wp-image-504\" srcset=\"https:\/\/jika-ceramiste.com\/wp-content\/uploads\/2026\/03\/0035-gueule-dangle-2021-1-1024x1024.jpg 1024w, https:\/\/jika-ceramiste.com\/wp-content\/uploads\/2026\/03\/0035-gueule-dangle-2021-1-300x300.jpg 300w, https:\/\/jika-ceramiste.com\/wp-content\/uploads\/2026\/03\/0035-gueule-dangle-2021-1-150x150.jpg 150w, https:\/\/jika-ceramiste.com\/wp-content\/uploads\/2026\/03\/0035-gueule-dangle-2021-1-768x768.jpg 768w, https:\/\/jika-ceramiste.com\/wp-content\/uploads\/2026\/03\/0035-gueule-dangle-2021-1-1536x1536.jpg 1536w, https:\/\/jika-ceramiste.com\/wp-content\/uploads\/2026\/03\/0035-gueule-dangle-2021-1-1320x1320.jpg 1320w, https:\/\/jika-ceramiste.com\/wp-content\/uploads\/2026\/03\/0035-gueule-dangle-2021-1.jpg 1563w\" sizes=\"auto, (max-width: 1024px) 100vw, 1024px\" \/><figcaption class=\"wp-element-caption\"><strong>gueule d&rsquo;angle<br><\/strong>2020<\/figcaption><\/figure>\n\n\n\n<figure class=\"wp-block-image size-large is-style-rounded\" data-block-type=\"core\"><img loading=\"lazy\" decoding=\"async\" width=\"1024\" height=\"1024\" data-id=\"275\" src=\"https:\/\/jika-ceramiste.com\/wp-content\/uploads\/2026\/03\/0065-6EME-CONTINENT-2022-1024x1024.jpg\" alt=\"\" class=\"wp-image-275\" srcset=\"https:\/\/jika-ceramiste.com\/wp-content\/uploads\/2026\/03\/0065-6EME-CONTINENT-2022-1024x1024.jpg 1024w, https:\/\/jika-ceramiste.com\/wp-content\/uploads\/2026\/03\/0065-6EME-CONTINENT-2022-300x300.jpg 300w, https:\/\/jika-ceramiste.com\/wp-content\/uploads\/2026\/03\/0065-6EME-CONTINENT-2022-150x150.jpg 150w, https:\/\/jika-ceramiste.com\/wp-content\/uploads\/2026\/03\/0065-6EME-CONTINENT-2022-768x768.jpg 768w, https:\/\/jika-ceramiste.com\/wp-content\/uploads\/2026\/03\/0065-6EME-CONTINENT-2022.jpg 1512w\" sizes=\"auto, (max-width: 1024px) 100vw, 1024px\" \/><figcaption class=\"wp-element-caption\"><strong>6\u00e8me  continent<br><\/strong>2022<\/figcaption><\/figure>\n\n\n\n<figure class=\"wp-block-image size-large is-style-rounded\" data-block-type=\"core\"><img loading=\"lazy\" decoding=\"async\" width=\"1024\" height=\"1024\" data-id=\"484\" src=\"https:\/\/jika-ceramiste.com\/wp-content\/uploads\/2026\/03\/0015-rose-ou-chou-2022-1-1024x1024.jpg\" alt=\"\" class=\"wp-image-484\" srcset=\"https:\/\/jika-ceramiste.com\/wp-content\/uploads\/2026\/03\/0015-rose-ou-chou-2022-1-1024x1024.jpg 1024w, https:\/\/jika-ceramiste.com\/wp-content\/uploads\/2026\/03\/0015-rose-ou-chou-2022-1-300x300.jpg 300w, https:\/\/jika-ceramiste.com\/wp-content\/uploads\/2026\/03\/0015-rose-ou-chou-2022-1-150x150.jpg 150w, https:\/\/jika-ceramiste.com\/wp-content\/uploads\/2026\/03\/0015-rose-ou-chou-2022-1-768x768.jpg 768w, https:\/\/jika-ceramiste.com\/wp-content\/uploads\/2026\/03\/0015-rose-ou-chou-2022-1-1320x1320.jpg 1320w, https:\/\/jika-ceramiste.com\/wp-content\/uploads\/2026\/03\/0015-rose-ou-chou-2022-1.jpg 1512w\" sizes=\"auto, (max-width: 1024px) 100vw, 1024px\" \/><figcaption class=\"wp-element-caption\"><strong>rose ou chou<br><\/strong>2022<\/figcaption><\/figure>\n\n\n\n<figure class=\"wp-block-image size-large is-style-rounded\" data-block-type=\"core\"><img loading=\"lazy\" decoding=\"async\" width=\"1024\" height=\"1024\" data-id=\"47\" src=\"https:\/\/jika-ceramiste.com\/wp-content\/uploads\/2026\/03\/0321-coraux-2025-1024x1024.jpg\" alt=\"\" class=\"wp-image-47\" srcset=\"https:\/\/jika-ceramiste.com\/wp-content\/uploads\/2026\/03\/0321-coraux-2025-1024x1024.jpg 1024w, https:\/\/jika-ceramiste.com\/wp-content\/uploads\/2026\/03\/0321-coraux-2025-300x300.jpg 300w, https:\/\/jika-ceramiste.com\/wp-content\/uploads\/2026\/03\/0321-coraux-2025-150x150.jpg 150w, https:\/\/jika-ceramiste.com\/wp-content\/uploads\/2026\/03\/0321-coraux-2025-768x768.jpg 768w, https:\/\/jika-ceramiste.com\/wp-content\/uploads\/2026\/03\/0321-coraux-2025.jpg 1512w\" sizes=\"auto, (max-width: 1024px) 100vw, 1024px\" \/><figcaption class=\"wp-element-caption\"><strong>Coraux<\/strong><br>2025<\/figcaption><\/figure>\n\n\n\n<figure class=\"wp-block-image size-large is-style-rounded\" data-block-type=\"core\"><img loading=\"lazy\" decoding=\"async\" width=\"1024\" height=\"1024\" data-id=\"507\" src=\"https:\/\/jika-ceramiste.com\/wp-content\/uploads\/2026\/03\/0043-bathyscaphe-2025-1024x1024.jpg\" alt=\"\" class=\"wp-image-507\" srcset=\"https:\/\/jika-ceramiste.com\/wp-content\/uploads\/2026\/03\/0043-bathyscaphe-2025-1024x1024.jpg 1024w, https:\/\/jika-ceramiste.com\/wp-content\/uploads\/2026\/03\/0043-bathyscaphe-2025-300x300.jpg 300w, https:\/\/jika-ceramiste.com\/wp-content\/uploads\/2026\/03\/0043-bathyscaphe-2025-150x150.jpg 150w, https:\/\/jika-ceramiste.com\/wp-content\/uploads\/2026\/03\/0043-bathyscaphe-2025-768x768.jpg 768w, https:\/\/jika-ceramiste.com\/wp-content\/uploads\/2026\/03\/0043-bathyscaphe-2025-1536x1536.jpg 1536w, https:\/\/jika-ceramiste.com\/wp-content\/uploads\/2026\/03\/0043-bathyscaphe-2025-1320x1320.jpg 1320w, https:\/\/jika-ceramiste.com\/wp-content\/uploads\/2026\/03\/0043-bathyscaphe-2025.jpg 2000w\" sizes=\"auto, (max-width: 1024px) 100vw, 1024px\" \/><figcaption class=\"wp-element-caption\"><strong>Bathyscaphe<br><\/strong>2025<\/figcaption><\/figure>\n\n\n\n<figure class=\"wp-block-image size-large is-style-rounded\" data-block-type=\"core\"><img loading=\"lazy\" decoding=\"async\" width=\"1024\" height=\"1024\" data-id=\"506\" src=\"https:\/\/jika-ceramiste.com\/wp-content\/uploads\/2026\/03\/0033-lardeche-en-tete-2025-1-1024x1024.jpg\" alt=\"\" class=\"wp-image-506\" srcset=\"https:\/\/jika-ceramiste.com\/wp-content\/uploads\/2026\/03\/0033-lardeche-en-tete-2025-1-1024x1024.jpg 1024w, https:\/\/jika-ceramiste.com\/wp-content\/uploads\/2026\/03\/0033-lardeche-en-tete-2025-1-300x300.jpg 300w, https:\/\/jika-ceramiste.com\/wp-content\/uploads\/2026\/03\/0033-lardeche-en-tete-2025-1-150x150.jpg 150w, https:\/\/jika-ceramiste.com\/wp-content\/uploads\/2026\/03\/0033-lardeche-en-tete-2025-1-768x768.jpg 768w, https:\/\/jika-ceramiste.com\/wp-content\/uploads\/2026\/03\/0033-lardeche-en-tete-2025-1-1320x1320.jpg 1320w, https:\/\/jika-ceramiste.com\/wp-content\/uploads\/2026\/03\/0033-lardeche-en-tete-2025-1.jpg 1512w\" sizes=\"auto, (max-width: 1024px) 100vw, 1024px\" \/><figcaption class=\"wp-element-caption\"><strong>L&rsquo;Ard\u00e8che en t\u00eate<br><\/strong>2025<\/figcaption><\/figure>\n\n\n\n<figure class=\"wp-block-image size-large is-style-rounded\" data-block-type=\"core\"><img loading=\"lazy\" decoding=\"async\" width=\"1024\" height=\"1024\" data-id=\"48\" src=\"https:\/\/jika-ceramiste.com\/wp-content\/uploads\/2026\/03\/0325-MAGIE-DE-NOEL-2025-1024x1024.jpg\" alt=\"\" class=\"wp-image-48\" srcset=\"https:\/\/jika-ceramiste.com\/wp-content\/uploads\/2026\/03\/0325-MAGIE-DE-NOEL-2025-1024x1024.jpg 1024w, https:\/\/jika-ceramiste.com\/wp-content\/uploads\/2026\/03\/0325-MAGIE-DE-NOEL-2025-300x300.jpg 300w, https:\/\/jika-ceramiste.com\/wp-content\/uploads\/2026\/03\/0325-MAGIE-DE-NOEL-2025-150x150.jpg 150w, https:\/\/jika-ceramiste.com\/wp-content\/uploads\/2026\/03\/0325-MAGIE-DE-NOEL-2025-768x768.jpg 768w, https:\/\/jika-ceramiste.com\/wp-content\/uploads\/2026\/03\/0325-MAGIE-DE-NOEL-2025.jpg 1512w\" sizes=\"auto, (max-width: 1024px) 100vw, 1024px\" \/><figcaption class=\"wp-element-caption\"><strong>Magie de No\u00ebl<br><\/strong>2025<\/figcaption><\/figure>\n\n\n\n<figure class=\"wp-block-image size-large is-style-rounded\" data-block-type=\"core\"><img loading=\"lazy\" decoding=\"async\" width=\"1024\" height=\"1024\" data-id=\"54\" src=\"https:\/\/jika-ceramiste.com\/wp-content\/uploads\/2026\/03\/0335-Chamane-2026-1024x1024.jpg\" alt=\"\" class=\"wp-image-54\" srcset=\"https:\/\/jika-ceramiste.com\/wp-content\/uploads\/2026\/03\/0335-Chamane-2026-1024x1024.jpg 1024w, https:\/\/jika-ceramiste.com\/wp-content\/uploads\/2026\/03\/0335-Chamane-2026-300x300.jpg 300w, https:\/\/jika-ceramiste.com\/wp-content\/uploads\/2026\/03\/0335-Chamane-2026-150x150.jpg 150w, https:\/\/jika-ceramiste.com\/wp-content\/uploads\/2026\/03\/0335-Chamane-2026-768x768.jpg 768w, https:\/\/jika-ceramiste.com\/wp-content\/uploads\/2026\/03\/0335-Chamane-2026.jpg 1512w\" sizes=\"auto, (max-width: 1024px) 100vw, 1024px\" \/><figcaption class=\"wp-element-caption\"><strong>Chamane<\/strong><br>2026<\/figcaption><\/figure>\n\n\n\n<figure class=\"wp-block-image size-full is-style-rounded\" data-block-type=\"core\"><img loading=\"lazy\" decoding=\"async\" width=\"1024\" height=\"1024\" data-id=\"52\" src=\"https:\/\/jika-ceramiste.com\/wp-content\/uploads\/2026\/03\/0333-la-virgule-2026.jpg\" alt=\"\" class=\"wp-image-52\" srcset=\"https:\/\/jika-ceramiste.com\/wp-content\/uploads\/2026\/03\/0333-la-virgule-2026.jpg 1024w, https:\/\/jika-ceramiste.com\/wp-content\/uploads\/2026\/03\/0333-la-virgule-2026-300x300.jpg 300w, https:\/\/jika-ceramiste.com\/wp-content\/uploads\/2026\/03\/0333-la-virgule-2026-150x150.jpg 150w, https:\/\/jika-ceramiste.com\/wp-content\/uploads\/2026\/03\/0333-la-virgule-2026-768x768.jpg 768w\" sizes=\"auto, (max-width: 1024px) 100vw, 1024px\" \/><figcaption class=\"wp-element-caption\"><strong>La virgule<br><\/strong>2026<\/figcaption><\/figure>\n\n\n\n<figure class=\"wp-block-image size-large is-style-rounded\" data-block-type=\"core\"><img loading=\"lazy\" decoding=\"async\" width=\"1024\" height=\"1024\" data-id=\"53\" src=\"https:\/\/jika-ceramiste.com\/wp-content\/uploads\/2026\/03\/0334-revelation-2026-1024x1024.jpg\" alt=\"\" class=\"wp-image-53\" srcset=\"https:\/\/jika-ceramiste.com\/wp-content\/uploads\/2026\/03\/0334-revelation-2026-1024x1024.jpg 1024w, https:\/\/jika-ceramiste.com\/wp-content\/uploads\/2026\/03\/0334-revelation-2026-300x300.jpg 300w, https:\/\/jika-ceramiste.com\/wp-content\/uploads\/2026\/03\/0334-revelation-2026-150x150.jpg 150w, https:\/\/jika-ceramiste.com\/wp-content\/uploads\/2026\/03\/0334-revelation-2026-768x768.jpg 768w, https:\/\/jika-ceramiste.com\/wp-content\/uploads\/2026\/03\/0334-revelation-2026.jpg 1512w\" sizes=\"auto, (max-width: 1024px) 100vw, 1024px\" \/><figcaption class=\"wp-element-caption\"><strong>R\u00e9v\u00e9lation<br><\/strong>2026<\/figcaption><\/figure>\n<\/figure>\n\n\n<div class=\"wp-block-jetpack-contact-form is-style-animated is-horizontal is-content-justification-left is-nowrap is-layout-flex wp-container-jetpack-contact-form-is-layout-c43d38c9 wp-block-jetpack-contact-form-is-layout-flex\"><a href=\"https:\/\/jika-ceramiste.com\/index.php\/mes-creations\/\" target=\"_blank\" rel=\"noopener noreferrer\">Soumettre un formulaire.<\/a><\/div>\n\n\n<div class=\"wp-block-stackable-text stk-block-text stk-block stk-e050f80\" data-block-id=\"e050f80\"><p class=\"stk-block-text__text\"><\/p><\/div>\n","protected":false},"excerpt":{"rendered":"<div class=\"entry-summary\">\nLes \u0153uvres pr\u00e9sent\u00e9es ici ne constituent qu\u2019un petit \u00e9chantillon de mes cr\u00e9ations. Toutes ces pi\u00e8ces sont disponibles \u00e0 la vente.Si&hellip;\n<\/div>\n<div class=\"link-more\"><a href=\"https:\/\/jika-ceramiste.com\/index.php\/mes-creations\/\" class=\"more-link\">Continue reading<span class=\"screen-reader-text\"> &ldquo;Mes cr\u00e9ations&rdquo;<\/span>&hellip;<\/a><\/div>\n","protected":false},"author":1,"featured_media":0,"parent":0,"menu_order":0,"comment_status":"open","ping_status":"closed","template":"","meta":{"_monsterinsights_skip_tracking":false,"_monsterinsights_sitenote_active":false,"_monsterinsights_sitenote_note":"","_monsterinsights_sitenote_category":0,"footnotes":"[]"},"class_list":["post-184","page","type-page","status-publish","hentry","entry"],"aioseo_notices":[],"jetpack_likes_enabled":true,"jetpack_sharing_enabled":true,"_links":{"self":[{"href":"https:\/\/jika-ceramiste.com\/index.php\/wp-json\/wp\/v2\/pages\/184","targetHints":{"allow":["GET"]}}],"collection":[{"href":"https:\/\/jika-ceramiste.com\/index.php\/wp-json\/wp\/v2\/pages"}],"about":[{"href":"https:\/\/jika-ceramiste.com\/index.php\/wp-json\/wp\/v2\/types\/page"}],"author":[{"embeddable":true,"href":"https:\/\/jika-ceramiste.com\/index.php\/wp-json\/wp\/v2\/users\/1"}],"replies":[{"embeddable":true,"href":"https:\/\/jika-ceramiste.com\/index.php\/wp-json\/wp\/v2\/comments?post=184"}],"version-history":[{"count":130,"href":"https:\/\/jika-ceramiste.com\/index.php\/wp-json\/wp\/v2\/pages\/184\/revisions"}],"predecessor-version":[{"id":1056,"href":"https:\/\/jika-ceramiste.com\/index.php\/wp-json\/wp\/v2\/pages\/184\/revisions\/1056"}],"wp:attachment":[{"href":"https:\/\/jika-ceramiste.com\/index.php\/wp-json\/wp\/v2\/media?parent=184"}],"curies":[{"name":"wp","href":"https:\/\/api.w.org\/{rel}","templated":true}]}}