{"id":188,"date":"2026-03-08T18:34:29","date_gmt":"2026-03-08T18:34:29","guid":{"rendered":"http:\/\/jika-ceramiste.com\/?page_id=188"},"modified":"2026-03-25T19:02:31","modified_gmt":"2026-03-25T19:02:31","slug":"biographie","status":"publish","type":"page","link":"https:\/\/jika-ceramiste.com\/index.php\/biographie\/","title":{"rendered":"Qui suis-je&#8230;"},"content":{"rendered":"\n<div class=\"wp-block-stackable-subtitle stk-block-subtitle stk-block stk-752de63\" data-block-id=\"752de63\"><style>.stk-752de63 .stk-block-subtitle__text{font-size:25px !important;background-image:linear-gradient(135deg,rgb(6,147,227) 0%,rgb(155,81,224) 100%) !important;font-style:normal !important;font-family:Inter, Roboto, 'Helvetica Neue', 'Arial Nova', 'Nimbus Sans', Arial, sans-serif !important;}@media screen and (max-width: 1023px){.stk-752de63 .stk-block-subtitle__text{font-size:25px !important;}}<\/style><p class=\"stk-block-subtitle__text stk-subtitle stk--is-gradient has-text-color has-text-align-center\"><strong>De l&rsquo;Enseignement \u00e0 la C\u00e9ramique, une vie de cr\u00e9ation<\/strong><\/p><\/div>\n\n\n\n<div class=\"wp-block-stackable-testimonial stk-block-testimonial stk-block stk-1403d0d is-style-compact\" data-v=\"2\" data-block-id=\"1403d0d\"><style>.stk-1403d0d {margin-bottom:0px !important;}<\/style><div class=\"stk-block-testimonial__content stk-content-align stk-1403d0d-column stk-container stk-1403d0d-container stk--no-background stk--no-padding\"><div class=\"stk-block-content stk-inner-blocks stk-1403d0d-inner-blocks\">\n<div class=\"wp-block-stackable-columns stk-block-columns stk-block stk-7fa454b\" data-block-id=\"7fa454b\"><style>.stk-7fa454b-column{justify-content:flex-start !important;}<\/style><div class=\"stk-row stk-inner-blocks stk-block-content stk-content-align stk-7fa454b-column stk--flex\">\n<div class=\"wp-block-stackable-column stk-block-column stk-column stk-block stk-ac15bab\" data-v=\"4\" data-block-id=\"ac15bab\"><div class=\"stk-column-wrapper stk-block-column__content stk-container stk-ac15bab-container stk--no-background stk--no-padding\"><div class=\"stk-block-content stk-inner-blocks stk-ac15bab-inner-blocks\">\n<figure class=\"wp-block-image size-full is-resized\" data-block-type=\"core\"><img loading=\"lazy\" decoding=\"async\" width=\"512\" height=\"512\" src=\"https:\/\/jika-ceramiste.com\/wp-content\/uploads\/2026\/03\/cropped-IMG_3440-rotated-1.jpg\" alt=\"\" class=\"wp-image-643\" style=\"object-fit:cover;width:150px;height:150px\" srcset=\"https:\/\/jika-ceramiste.com\/wp-content\/uploads\/2026\/03\/cropped-IMG_3440-rotated-1.jpg 512w, https:\/\/jika-ceramiste.com\/wp-content\/uploads\/2026\/03\/cropped-IMG_3440-rotated-1-300x300.jpg 300w, https:\/\/jika-ceramiste.com\/wp-content\/uploads\/2026\/03\/cropped-IMG_3440-rotated-1-150x150.jpg 150w, https:\/\/jika-ceramiste.com\/wp-content\/uploads\/2026\/03\/cropped-IMG_3440-rotated-1-270x270.jpg 270w, https:\/\/jika-ceramiste.com\/wp-content\/uploads\/2026\/03\/cropped-IMG_3440-rotated-1-192x192.jpg 192w, https:\/\/jika-ceramiste.com\/wp-content\/uploads\/2026\/03\/cropped-IMG_3440-rotated-1-180x180.jpg 180w, https:\/\/jika-ceramiste.com\/wp-content\/uploads\/2026\/03\/cropped-IMG_3440-rotated-1-32x32.jpg 32w\" sizes=\"auto, (max-width: 512px) 100vw, 512px\" \/><\/figure>\n<\/div><\/div><\/div>\n\n\n\n<div class=\"wp-block-stackable-column stk-block-column stk-column stk-block stk-71fed34\" data-v=\"4\" data-block-id=\"71fed34\"><div class=\"stk-column-wrapper stk-block-column__content stk-container stk-71fed34-container stk--no-background stk--no-padding\"><div class=\"has-text-align-left stk-block-content stk-inner-blocks stk-71fed34-inner-blocks\">\n<div class=\"wp-block-stackable-text stk-block-text stk-block stk-522c9f5\" data-block-id=\"522c9f5\"><style>.stk-522c9f5 {margin-bottom:0px !important;}.stk-522c9f5 .stk-block-text__text{font-size:50px !important;}@media screen and (max-width: 1023px){.stk-522c9f5 .stk-block-text__text{font-size:50px !important;}}<\/style><p class=\"stk-block-text__text\"><strong>Jika<\/strong><\/p><\/div>\n\n\n\n<div class=\"wp-block-stackable-heading stk-block-heading stk-block-heading--v2 stk-block stk-ddc779a\" id=\"a-la-fois-prenom-et-nom-dartiste-ceramiste-et-sculpteur-sur-span-style-color-ff-6900-class-stk-highlight-strong-gres-strong-span\" data-block-id=\"ddc779a\"><style>.stk-ddc779a .stk-block-heading__top-line{width:0px !important;}.stk-ddc779a {margin-bottom:0px !important;}.stk-ddc779a .stk-block-heading__text{text-shadow:6px 6px 4px #78787833 !important;font-size:var(--stk--preset--font-size--medium, 20px) !important;font-style:normal !important;}@media screen and (max-width: 1023px){.stk-ddc779a .stk-block-heading__text{font-size:var(--stk--preset--font-size--medium, 20px) !important;}}<\/style><h4 class=\"stk-block-heading__text has-text-align-left\">A la fois pr\u00e9nom et nom d&rsquo;artiste, c\u00e9ramiste et sculpteur sur <span style=\"color: #ff6900;\" class=\"stk-highlight\"><strong>gr\u00e8s<\/strong><\/span>.<\/h4><\/div>\n<\/div><\/div><\/div>\n<\/div><\/div>\n<\/div><\/div><\/div>\n\n\n\n<div class=\"wp-block-stackable-columns stk-block-columns stk-block stk-afc8f5c\" data-block-id=\"afc8f5c\"><div class=\"stk-row stk-inner-blocks stk-block-content stk-content-align stk-afc8f5c-column\">\n<div class=\"wp-block-stackable-column stk-block-column stk-column stk-block stk-7dc2455\" data-v=\"4\" data-block-id=\"7dc2455\"><div class=\"stk-column-wrapper stk-block-column__content stk-container stk-7dc2455-container stk--no-background stk--no-padding\"><div class=\"stk-block-content stk-inner-blocks stk-7dc2455-inner-blocks\">\n<div class=\"wp-block-stackable-columns stk-block-columns stk-block stk-7573f94\" data-block-id=\"7573f94\"><style>.stk-7573f94-column{--stk-columns-spacing:var(--stk--preset--spacing--30, 0.67rem) !important;--stk-column-gap:var(--stk--preset--spacing--30, 0.67rem) !important;flex-wrap:wrap !important;--stk-flex-grow:0 !important;}<\/style><div class=\"stk-row stk-inner-blocks stk-block-content stk-content-align stk-7573f94-column\">\n<div class=\"wp-block-stackable-column stk-block-column stk-column stk-block stk-be6fa6e\" data-v=\"4\" data-block-id=\"be6fa6e\"><div class=\"stk-column-wrapper stk-block-column__content stk-container stk-be6fa6e-container stk--no-background stk--no-padding\"><div class=\"stk-block-content stk-inner-blocks stk-be6fa6e-inner-blocks\">\n<div class=\"wp-block-stackable-text stk-block-text stk-block stk-a9c77db\" data-block-id=\"a9c77db\"><style>.stk-a9c77db {column-gap:4px !important;}.stk-a9c77db .stk-block-text__text{color:#000000 !important;font-family:-apple-system, BlinkMacSystemFont, \"Segoe UI\", Roboto, Helvetica, Arial, sans-serif, \"Apple Color Emoji\", \"Segoe UI Emoji\", \"Segoe UI Symbol\" !important;}<\/style><p class=\"stk-block-text__text has-text-color\">N\u00e9 en <strong><span style=\"color: #0693e3;\" class=\"stk-highlight\">1966<\/span><\/strong>, je traverse d\u2019abord des ann\u00e9es d\u2019errance, comme on marche longtemps avant de reconna\u00eetre un paysage. En <strong><span style=\"color: #0693e3;\" class=\"stk-highlight\">1975<\/span><\/strong>, je rejoins <span style=\"color: #cf2e2e;\" class=\"stk-highlight\">Nice<\/span>, ville de mes origines familiales : une ligne de rivage, une m\u00e9moire ancienne, un retour sans certitude.<br><br>Apr\u00e8s des \u00e9tudes d\u2019art et l\u2019obtention d\u2019un dipl\u00f4me de troisi\u00e8me cycle, j&rsquo;entre dans le monde de l\u2019enseignement. <br>Mais la terre, d\u00e9j\u00e0, travaille en sourdine.<br><br>Au d\u00e9but de <span style=\"color: #0693e3;\" class=\"stk-highlight\"><strong>1998<\/strong><\/span>, je commence \u00e0 la toucher, \u00e0 l\u2019\u00e9prouver, non comme un mat\u00e9riau docile, mais comme une pr\u00e9sence. <br>La main apprend la <strong><span style=\"color: #0693e3;\" class=\"stk-highlight\">r\u00e9sistance<\/span><\/strong>, l\u2019<span style=\"color: #0693e3;\" class=\"stk-highlight\"><strong>humilit\u00e9<\/strong><\/span>, le <strong><span style=\"color: #0693e3;\" class=\"stk-highlight\">temps<\/span><\/strong>.<br><br>La formation se fait par strates. D\u2019abord la poterie dans un atelier local, puis des stages de sp\u00e9cialisation dans des ateliers de la r\u00e9gion de <span style=\"color: #cf2e2e;\" class=\"stk-highlight\">Montpellier<\/span>.<br><br>L\u00e0, j&rsquo; explore l&rsquo;alchimie des <span style=\"color: #ff6900;\" class=\"stk-highlight\"><strong>gla\u00e7ures<\/strong><\/span>, l\u2019<span style=\"color: #ff6900;\" class=\"stk-highlight\"><strong>enfumage<\/strong><\/span> et ses nuits, la <span style=\"color: #ff6900;\" class=\"stk-highlight\"><strong>sculpture dans la masse<\/strong><\/span>, face-\u00e0-face avec la densit\u00e9, le <strong><span style=\"color: #ff6900;\" class=\"stk-highlight\">raku<\/span><\/strong>, la <span style=\"color: #ff6900;\" class=\"stk-highlight\"><strong>cristallisation<\/strong><\/span>. <br><br>Tout ce qui, en c\u00e9ramique, impose une part de feu et d\u2019inconnu.<\/p><\/div>\n<\/div><\/div><\/div>\n\n\n\n<div class=\"wp-block-stackable-column stk-block-column stk-column stk-block stk-5b7ee6e\" data-v=\"4\" data-block-id=\"5b7ee6e\"><div class=\"stk-column-wrapper stk-block-column__content stk-container stk-5b7ee6e-container stk--no-background stk--no-padding\"><div class=\"stk-block-content stk-inner-blocks stk-5b7ee6e-inner-blocks\">\n<div class=\"wp-block-stackable-text stk-block-text stk-block stk-2f31d3a\" data-block-id=\"2f31d3a\"><style>.stk-2f31d3a {column-gap:4px !important;}.stk-2f31d3a .stk-block-text__text{color:#000000 !important;font-family:-apple-system, BlinkMacSystemFont, \"Segoe UI\", Roboto, Helvetica, Arial, sans-serif, \"Apple Color Emoji\", \"Segoe UI Emoji\", \"Segoe UI Symbol\" !important;}<\/style><p class=\"stk-block-text__text has-text-color\">En <strong><span style=\"color: #0693e3;\" class=\"stk-highlight\">2016<\/span><\/strong>, je rencontre<strong> <span style=\"color: #0693e3;\" class=\"stk-highlight\">Virginie Bessengez<\/span><\/strong>, c\u00e9ramiste d&rsquo;Art, \u00e0 <span style=\"color: #cf2e2e;\" class=\"stk-highlight\">Wambrechies <\/span>(59).<br>Dans ce compagnonnage, la technique devient langage, et la transmission un prolongement naturel du geste.\u00a0<br>Partager, c\u2019est clarifier, pr\u00e9ciser une courbe, un protocole, une temp\u00e9rature et, derri\u00e8re, une <strong><span style=\"color: #0693e3;\" class=\"stk-highlight\">intention<\/span><\/strong>.<br><br>\u00c0 partir de <strong><span style=\"color: #0693e3;\" class=\"stk-highlight\">2020<\/span><\/strong>, au sein de l\u2019association de l\u2019Atelier du Contraire, je poursuis ma cr\u00e9ation.  Puis vient un d\u00e9placement d\u00e9cisif, en <span style=\"color: #0693e3;\" class=\"stk-highlight\"><strong>juillet 2024<\/strong><\/span>, je  ferme l\u2019atelier de Villeneuve-d\u2019Ascq et choisis de concentrer mon travail en Ard\u00e8che, ma r\u00e9gion de c\u0153ur, \u00e0 <span style=\"color: #cf2e2e;\" class=\"stk-highlight\">Vals-les-Bains<\/span>. <br>L\u00e0, l\u2019atelier devient une chambre d\u2019\u00e9cho, un lieu o\u00f9 le paysage et le feu dialoguent, o\u00f9 les pi\u00e8ces se construisent \u00e0 la vitesse de la mati\u00e8re.<br><br>Aujourd\u2019hui, ma recherche se tient dans cet \u00e9quilibre fragile : la ma\u00eetrise des techniques de <span style=\"color: #ff6900;\" class=\"stk-highlight\"><strong>modelage <\/strong><\/span>et de <strong><span style=\"color: #ff6900;\" class=\"stk-highlight\">sculpture<\/span><\/strong>, la patience des effets cristallisants, et la pr\u00e9cision d\u2019un processus assum\u00e9, gestes r\u00e9p\u00e9t\u00e9s, essais, reprises, cuissons, surfaces.<br><br>Une pratique o\u00f9 l\u2019on accepte que la terre garde sa part, que le r\u00e9sultat ne soit pas seulement un objet, mais une trace, la preuve qu\u2019un corps, un jour, a tenu t\u00eate au monde en fa\u00e7onnant du silence.<\/p><\/div>\n<\/div><\/div><\/div>\n<\/div><\/div>\n<\/div><\/div><\/div>\n<\/div><\/div>\n","protected":false},"excerpt":{"rendered":"<div class=\"entry-summary\">\nDe l&rsquo;Enseignement \u00e0 la C\u00e9ramique, une vie de cr\u00e9ation Jika A la fois pr\u00e9nom et nom d&rsquo;artiste, c\u00e9ramiste et sculpteur&hellip;\n<\/div>\n<div class=\"link-more\"><a href=\"https:\/\/jika-ceramiste.com\/index.php\/biographie\/\" class=\"more-link\">Continue reading<span class=\"screen-reader-text\"> &ldquo;Qui suis-je&#8230;&rdquo;<\/span>&hellip;<\/a><\/div>\n","protected":false},"author":1,"featured_media":0,"parent":0,"menu_order":0,"comment_status":"closed","ping_status":"closed","template":"","meta":{"_monsterinsights_skip_tracking":false,"_monsterinsights_sitenote_active":false,"_monsterinsights_sitenote_note":"","_monsterinsights_sitenote_category":0,"footnotes":""},"class_list":["post-188","page","type-page","status-publish","hentry","entry"],"aioseo_notices":[],"jetpack_likes_enabled":true,"jetpack_sharing_enabled":true,"_links":{"self":[{"href":"https:\/\/jika-ceramiste.com\/index.php\/wp-json\/wp\/v2\/pages\/188","targetHints":{"allow":["GET"]}}],"collection":[{"href":"https:\/\/jika-ceramiste.com\/index.php\/wp-json\/wp\/v2\/pages"}],"about":[{"href":"https:\/\/jika-ceramiste.com\/index.php\/wp-json\/wp\/v2\/types\/page"}],"author":[{"embeddable":true,"href":"https:\/\/jika-ceramiste.com\/index.php\/wp-json\/wp\/v2\/users\/1"}],"replies":[{"embeddable":true,"href":"https:\/\/jika-ceramiste.com\/index.php\/wp-json\/wp\/v2\/comments?post=188"}],"version-history":[{"count":45,"href":"https:\/\/jika-ceramiste.com\/index.php\/wp-json\/wp\/v2\/pages\/188\/revisions"}],"predecessor-version":[{"id":1023,"href":"https:\/\/jika-ceramiste.com\/index.php\/wp-json\/wp\/v2\/pages\/188\/revisions\/1023"}],"wp:attachment":[{"href":"https:\/\/jika-ceramiste.com\/index.php\/wp-json\/wp\/v2\/media?parent=188"}],"curies":[{"name":"wp","href":"https:\/\/api.w.org\/{rel}","templated":true}]}}