{"id":917,"date":"2026-03-24T19:36:41","date_gmt":"2026-03-24T19:36:41","guid":{"rendered":"https:\/\/jika-ceramiste.com\/?page_id=917"},"modified":"2026-03-24T19:48:45","modified_gmt":"2026-03-24T19:48:45","slug":"errances","status":"publish","type":"page","link":"https:\/\/jika-ceramiste.com\/index.php\/errances\/","title":{"rendered":"Errances"},"content":{"rendered":"\n<div class=\"wp-block-stackable-subtitle stk-block-subtitle stk-block stk-45497ec\" data-block-id=\"45497ec\"><style>.stk-45497ec .stk-block-subtitle__text{font-size:25px !important;color:#0693e3 !important;font-family:Inter, Roboto, 'Helvetica Neue', 'Arial Nova', 'Nimbus Sans', Arial, sans-serif !important;}@media screen and (max-width: 1023px){.stk-45497ec .stk-block-subtitle__text{font-size:25px !important;}}<\/style><p class=\"stk-block-subtitle__text stk-subtitle has-text-color\"><strong>Lis tes r\u00e2tures&#8230;<\/strong><\/p><\/div>\n\n\n\n<div class=\"wp-block-media-text is-stacked-on-mobile\" data-block-type=\"core\"><figure class=\"wp-block-media-text__media\"><img loading=\"lazy\" decoding=\"async\" width=\"768\" height=\"1024\" src=\"https:\/\/jika-ceramiste.com\/wp-content\/uploads\/2026\/03\/625003975_17971458992992991_8815408587612064133_n-768x1024.jpg\" alt=\"\" class=\"wp-image-920 size-full\" srcset=\"https:\/\/jika-ceramiste.com\/wp-content\/uploads\/2026\/03\/625003975_17971458992992991_8815408587612064133_n-768x1024.jpg 768w, https:\/\/jika-ceramiste.com\/wp-content\/uploads\/2026\/03\/625003975_17971458992992991_8815408587612064133_n-225x300.jpg 225w, https:\/\/jika-ceramiste.com\/wp-content\/uploads\/2026\/03\/625003975_17971458992992991_8815408587612064133_n-1152x1536.jpg 1152w, https:\/\/jika-ceramiste.com\/wp-content\/uploads\/2026\/03\/625003975_17971458992992991_8815408587612064133_n.jpg 1440w\" sizes=\"auto, (max-width: 768px) 100vw, 768px\" \/><\/figure><div class=\"wp-block-media-text__content\">\n<p class=\"has-text-align-center has-medium-font-size\" style=\"font-style:normal;font-weight:100\" data-block-type=\"core\">Les lumi\u00e8res de la nuit ne chassent pas l\u2019ombre, elles lui apprennent \u00e0 respirer.<br>Chaque \u00e9clat est une veille, un murmure suspendu, entre le silence et le r\u00eave.<br>JIKA<\/p>\n\n\n<div class=\"has-text-align-center has-link-color wp-elements-76226b965e5cc8db532ffb6ede21bc37 wp-block-post-date has-text-color has-vivid-cyan-blue-color\" data-block-type=\"core\"><time datetime=\"2026-01-29T19:47:00\">29 janvier 2026<\/time><\/div><\/div><\/div>\n","protected":false},"excerpt":{"rendered":"<div class=\"entry-summary\">\nLis tes r\u00e2tures&#8230;\n<\/div>\n<div class=\"link-more\"><a href=\"https:\/\/jika-ceramiste.com\/index.php\/errances\/\" class=\"more-link\">Continue reading<span class=\"screen-reader-text\"> &ldquo;Errances&rdquo;<\/span>&hellip;<\/a><\/div>\n","protected":false},"author":1,"featured_media":0,"parent":0,"menu_order":0,"comment_status":"closed","ping_status":"closed","template":"","meta":{"_monsterinsights_skip_tracking":false,"_monsterinsights_sitenote_active":false,"_monsterinsights_sitenote_note":"","_monsterinsights_sitenote_category":0,"footnotes":""},"class_list":["post-917","page","type-page","status-publish","hentry","entry"],"aioseo_notices":[],"jetpack_likes_enabled":true,"jetpack_sharing_enabled":true,"_links":{"self":[{"href":"https:\/\/jika-ceramiste.com\/index.php\/wp-json\/wp\/v2\/pages\/917","targetHints":{"allow":["GET"]}}],"collection":[{"href":"https:\/\/jika-ceramiste.com\/index.php\/wp-json\/wp\/v2\/pages"}],"about":[{"href":"https:\/\/jika-ceramiste.com\/index.php\/wp-json\/wp\/v2\/types\/page"}],"author":[{"embeddable":true,"href":"https:\/\/jika-ceramiste.com\/index.php\/wp-json\/wp\/v2\/users\/1"}],"replies":[{"embeddable":true,"href":"https:\/\/jika-ceramiste.com\/index.php\/wp-json\/wp\/v2\/comments?post=917"}],"version-history":[{"count":5,"href":"https:\/\/jika-ceramiste.com\/index.php\/wp-json\/wp\/v2\/pages\/917\/revisions"}],"predecessor-version":[{"id":922,"href":"https:\/\/jika-ceramiste.com\/index.php\/wp-json\/wp\/v2\/pages\/917\/revisions\/922"}],"wp:attachment":[{"href":"https:\/\/jika-ceramiste.com\/index.php\/wp-json\/wp\/v2\/media?parent=917"}],"curies":[{"name":"wp","href":"https:\/\/api.w.org\/{rel}","templated":true}]}}